{"id":1286,"date":"2017-02-01T06:25:52","date_gmt":"2017-02-01T11:25:52","guid":{"rendered":"http:\/\/www.elizesolutions.com\/?page_id=1286"},"modified":"2019-03-06T09:18:11","modified_gmt":"2019-03-06T14:18:11","slug":"history","status":"publish","type":"page","link":"https:\/\/www.elizesolutions.com\/es\/about-us\/history\/","title":{"rendered":"Historia"},"content":{"rendered":"<div class=\"row row-edge  \" >\n<div class=\"col-md-12 col-xs-offset-0 col-sm-offset-0 col-md-offset-0 col-lg-offset-0 col-xs-pull-0 col-sm-pull-0 col-md-pull-0 col-lg-pull-0 col-xs-push-0 col-sm-push-0 col-md-push-0 col-lg-push-0\">\n<div class=\"cherry-spacer  \" style=\"height:20px;\"><\/div>\n<\/div>\n<\/div>\n<div class=\"row row-edge  \" >\n<div class=\"col-md-12 col-xs-offset-0 col-sm-offset-0 col-md-offset-0 col-lg-offset-0 col-xs-pull-0 col-sm-pull-0 col-md-pull-0 col-lg-pull-0 col-xs-push-0 col-sm-push-0 col-md-push-0 col-lg-push-0\">\n<div class=\"cherry-hr   hr-652\"><\/div>\n<\/div>\n<\/div>\n<div class=\"row row-edge  \" >\n<div class=\"col-md-6 col-xs-offset-0 col-sm-offset-0 col-md-offset-0 col-lg-offset-0 col-xs-pull-0 col-sm-pull-0 col-md-pull-0 col-lg-pull-0 col-xs-push-0 col-sm-push-0 col-md-push-0 col-lg-push-0\">\n<div class=\"row row-edge  \" >\n<div class=\"col-md-12 col-xs-offset-0 col-sm-offset-0 col-md-offset-0 col-lg-offset-0 col-xs-pull-0 col-sm-pull-0 col-md-pull-0 col-lg-pull-0 col-xs-push-0 col-sm-push-0 col-md-push-0 col-lg-push-0\">\n<h3>HISTORIA<\/h3>\n<\/div>\n<\/div>\n<div class=\"row row-edge  \" >\n<div class=\"col-md-12 col-xs-offset-0 col-sm-offset-0 col-md-offset-0 col-lg-offset-0 col-xs-pull-0 col-sm-pull-0 col-md-pull-0 col-lg-pull-0 col-xs-push-0 col-sm-push-0 col-md-push-0 col-lg-push-0\">\n<div class=\"cherry-hr   hr-648\"><\/div>\n<\/div>\n<\/div>\n<div class=\"row row-edge  \" >\n<div class=\"col-md-12 col-xs-offset-0 col-sm-offset-0 col-md-offset-0 col-lg-offset-0 col-xs-pull-0 col-sm-pull-0 col-md-pull-0 col-lg-pull-0 col-xs-push-0 col-sm-push-0 col-md-push-0 col-lg-push-0\">\n<h3>Nueva empresa &#8211; Vieja experiencia<\/h3>\n<\/div>\n<\/div>\n<div class=\"row row-edge  \" >\n<div class=\"col-md-12 col-xs-offset-0 col-sm-offset-0 col-md-offset-0 col-lg-offset-0 col-xs-pull-0 col-sm-pull-0 col-md-pull-0 col-lg-pull-0 col-xs-push-0 col-sm-push-0 col-md-push-0 col-lg-push-0\">\n<p>La empresa Se fund\u00f3 recientemente pero tiene conocimiento de su fundador que tiene experiencia en el comercio y el an\u00e1lisis de instrumentos financieros desde hace m\u00e1s de 10 a\u00f1os.<\/p>\n<\/div>\n<\/div>\n<\/div>\n<div class=\"col-md-6 col-xs-offset-0 col-sm-offset-0 col-md-offset-0 col-lg-offset-0 col-xs-pull-0 col-sm-pull-0 col-md-pull-0 col-lg-pull-0 col-xs-push-0 col-sm-push-0 col-md-push-0 col-lg-push-0\">\n<div class=\"lazy-load-effect\"><div class=\"lazy-load-effect-child\" style=\"-ms-animation-duration: 1s; -webkit-animation-duration: 1s; animation-duration: 1s; -ms-animation-timing-function: linear; -webkit-animation-timing-function: linear; animation-timing-function: linear; -ms-transform-origin: center; -webkit-transform-origin: center; transform-origin: center; -ms-transform:translateX(2000px) ; -webkit-transform:translateX(2000px) ; transform:translateX(2000px) ; \">\n<p><a href=\"#\"><img loading=\"lazy\" decoding=\"async\" class=\"alignleft size-full wp-image-1291\" src=\"http:\/\/www.elizesolutions.com\/wp-content\/uploads\/2017\/02\/drain-time-energy-work.png\" alt=\"time history\" width=\"800\" height=\"400\" srcset=\"https:\/\/www.elizesolutions.com\/wp-content\/uploads\/2017\/02\/drain-time-energy-work.png 800w, https:\/\/www.elizesolutions.com\/wp-content\/uploads\/2017\/02\/drain-time-energy-work-300x150.png 300w, https:\/\/www.elizesolutions.com\/wp-content\/uploads\/2017\/02\/drain-time-energy-work-768x384.png 768w\" sizes=\"auto, (max-width: 800px) 100vw, 800px\" \/><\/a><\/p>\n<\/div><\/div>\n<\/div>\n<\/div>\n<div class=\"row row-edge  \" >\n<div class=\"col-md-12 col-xs-offset-0 col-sm-offset-0 col-md-offset-0 col-lg-offset-0 col-xs-pull-0 col-sm-pull-0 col-md-pull-0 col-lg-pull-0 col-xs-push-0 col-sm-push-0 col-md-push-0 col-lg-push-0\">\n<div class=\"row row-edge  \" >\n<div class=\"col-md-12 col-xs-offset-0 col-sm-offset-0 col-md-offset-0 col-lg-offset-0 col-xs-pull-0 col-sm-pull-0 col-md-pull-0 col-lg-pull-0 col-xs-push-0 col-sm-push-0 col-md-push-0 col-lg-push-0\">\n<div class=\"cherry-spacer  \" style=\"height:20px;\"><\/div>\n<\/div>\n<\/div>\n<div class=\"row row-edge  \" >\n<div class=\"col-md-12 col-xs-offset-0 col-sm-offset-0 col-md-offset-0 col-lg-offset-0 col-xs-pull-0 col-sm-pull-0 col-md-pull-0 col-lg-pull-0 col-xs-push-0 col-sm-push-0 col-md-push-0 col-lg-push-0\">\n<div class=\"cherry-hr   hr-618\"><\/div>\n<\/div>\n<\/div>\n<div class=\"row row-edge  \" >\n<div class=\"col-md-12 col-xs-offset-0 col-sm-offset-0 col-md-offset-0 col-lg-offset-0 col-xs-pull-0 col-sm-pull-0 col-md-pull-0 col-lg-pull-0 col-xs-push-0 col-sm-push-0 col-md-push-0 col-lg-push-0\">\n<div class=\"cherry-tabs cherry-tabs-style-default  mpce-prvt-1286-5891be4a5acac\" data-active=\"1\"><div class=\"cherry-tabs-nav\"><span class=\"  \" data-url=\"\" data-target=\"blank\">2007<\/span><span class=\"  \" data-url=\"\" data-target=\"blank\">2008<\/span><span class=\"  \" data-url=\"\" data-target=\"blank\">2009<\/span><span class=\"  \" data-url=\"\" data-target=\"blank\">2015<\/span><span class=\"  \" data-url=\"\" data-target=\"blank\">2016<\/span><span class=\"  \" data-url=\"\" data-target=\"blank\">2017<\/span><span class=\"  \" data-url=\"\" data-target=\"blank\">2018<\/span><\/div><div class=\"cherry-tabs-panes\"><div class=\"cherry-tabs-pane cherry-clearfix  \">\n&#8211; Apertura de la primera cuenta de trading<br \/>\n&#8211; Iniciaci\u00f3n de Trading propio<br \/>\n&#8211; Comerciante Certificado de la Bolsa Nacional de Valores<br \/>\n<\/div>\n<div class=\"cherry-tabs-pane cherry-clearfix  \">\n&#8211; Experiencia Forex<br \/>\n&#8211; Educaci\u00f3n Forex<br \/>\n&#8211; Certified Forex Trader<br \/>\n<\/div>\n<div class=\"cherry-tabs-pane cherry-clearfix  \">\n&#8211; Inicio Del desarrollo del aprendizaje Profundo llamado <strong>\u00abELIZE\u201d<\/strong><br \/>\n&#8211; Apertura de la Cuenta Comercial Internacional<br \/>\n&#8211; Educaci\u00f3n de los Gur\u00faes Internacionales<br \/>\n<\/div>\n<div class=\"cherry-tabs-pane cherry-clearfix  \">\n&#8211; Formaci\u00f3n de la compa\u00f1\u00eda<br \/>\n&#8211; Gesti\u00f3n del Fondo de Inversi\u00f3n Privada<br \/>\n&#8211; Programa Elize muestra confiabilidad m\u00e1s del 75 por ciento<br \/>\n<\/div>\n<div class=\"cherry-tabs-pane cherry-clearfix  \">\n&#8211; Asesor Financiero de pocas empresas nacionales de corretaje<br \/>\n&#8211; Registro de elizesolutions.com<br \/>\n&#8211; Registro de Elize Invest Solutions LLC<br \/>\n<\/div>\n<div class=\"cherry-tabs-pane cherry-clearfix  \">\n&#8211; Iniciaci\u00f3n del desarrollo de sitios web oficiales<br \/>\n&#8211; Finalizaci\u00f3n del desarrollo oficial del sitio web<br \/>\n&#8211; Inscripci\u00f3n de la P\u00e1gina Oficial de Facebook<br \/>\n<\/div>\n<div class=\"cherry-tabs-pane cherry-clearfix  \">\n&#8211; Academia De Ciencias De Los Datos-Certificado Profesional De Ciencias De Los Datos<br \/>\n&#8211; Desarroll\u00f3 la primera versi\u00f3n de <strong>AI ROBO<\/strong><br \/>\n&#8211; Cre\u00f3 la primera edici\u00f3n del libro de Educaci\u00f3n<br \/>\n<\/div><\/div><\/div>\n<\/div>\n<\/div>\n<\/div>\n<\/div>\n<div class=\"row row-edge  \" >\n<div class=\"col-md-12 col-xs-offset-0 col-sm-offset-0 col-md-offset-0 col-lg-offset-0 col-xs-pull-0 col-sm-pull-0 col-md-pull-0 col-lg-pull-0 col-xs-push-0 col-sm-push-0 col-md-push-0 col-lg-push-0\">\n<div class=\"cherry-hr   hr-554\"><\/div>\n<\/div>\n<\/div>\n<div class=\"row row-edge  \" >\n<div class=\"col-md-12 col-xs-offset-0 col-sm-offset-0 col-md-offset-0 col-lg-offset-0 col-xs-pull-0 col-sm-pull-0 col-md-pull-0 col-lg-pull-0 col-xs-push-0 col-sm-push-0 col-md-push-0 col-lg-push-0\">\n<div class=\"row row-edge  \" >\n<div class=\"col-md-6 col-xs-offset-0 col-sm-offset-0 col-md-offset-0 col-lg-offset-0 col-xs-pull-0 col-sm-pull-0 col-md-pull-0 col-lg-pull-0 col-xs-push-0 col-sm-push-0 col-md-push-0 col-lg-push-0\">\n<h3>HISTORIA EN DETALLES<\/h3>\n<\/div>\n<div class=\"col-md-6  motopress-empty mp-hidden-phone\">\n<\/div>\n<\/div>\n<div class=\"row row-edge  \" >\n<div class=\"col-md-12 col-xs-offset-0 col-sm-offset-0 col-md-offset-0 col-lg-offset-0 col-xs-pull-0 col-sm-pull-0 col-md-pull-0 col-lg-pull-0 col-xs-push-0 col-sm-push-0 col-md-push-0 col-lg-push-0\">\n<div class=\"cherry-hr   hr-294\"><\/div>\n<\/div>\n<\/div>\n<div class=\"row row-edge  \" >\n<div class=\"col-md-6 col-xs-offset-0 col-sm-offset-0 col-md-offset-0 col-lg-offset-0 col-xs-pull-0 col-sm-pull-0 col-md-pull-0 col-lg-pull-0 col-xs-push-0 col-sm-push-0 col-md-push-0 col-lg-push-0\">\n<div class=\"cherry-accordion  \">\n<div class=\"cherry-spoiler cherry-spoiler-style-default   cherry-spoiler-closed\"><div class=\"cherry-spoiler-title\">2009<\/div><div class=\"cherry-spoiler-content cherry-clearfix\" style=\"display:none\">\nFundada por <strong>Alexander Pylayev<\/strong><\/p>\n<h5>&#8230; Fr\u00edo pensado,<br \/>\nEn el mundo todo es natural &#8230;<br \/>\nOmar Khayyam<\/h5>\n<p>Teniendo experiencia de trabajo cient\u00edfico en el campo del examen automatizado de alumnos en la escuela y participando tanto en el asesoramiento comercial como en el asesoramiento financiero, la idea de creaci\u00f3n del programa de autoformaci\u00f3n evolucion\u00f3 a partir de mi conocimiento de los movimientos del mercado, Probable movimiento de tal o cual herramienta del mercado financiero.<\/p>\n<p>Despu\u00e9s de nombrar <strong>\u00abElize\u00bb.<\/strong><\/p>\n<\/div><\/div><div class=\"cherry-spoiler cherry-spoiler-style-default   cherry-spoiler-closed\"><div class=\"cherry-spoiler-title\">2015<\/div><div class=\"cherry-spoiler-content cherry-clearfix\" style=\"display:none\">\n<strong>Elize Invest Solutions LLC<\/strong> ha sido fundada para llevar a cabo todas las actividades comerciales de su fundador y proporcionar un espacio de trabajo mejor definido para sus actividades actuales y futuras.<br \/>\n<\/div><\/div><div class=\"cherry-spoiler cherry-spoiler-style-default   cherry-spoiler-closed\"><div class=\"cherry-spoiler-title\">2016<\/div><div class=\"cherry-spoiler-content cherry-clearfix\" style=\"display:none\">\nTeniendo en cuenta nuestras actividades para demostrar la m\u00e1xima transparencia financiera y disposici\u00f3n para cumplir con los m\u00e1s estrictos est\u00e1ndares de divulgaci\u00f3n de informaci\u00f3n y gobierno corporativo en el mundo, as\u00ed como orientaci\u00f3n al cliente &#8211; se decidi\u00f3 registrar la empresa en los Estados Unidos de Am\u00e9rica.<br \/>\n<\/div><\/div>\n<\/div>\n<\/div>\n<div class=\"col-md-6 col-xs-offset-0 col-sm-offset-0 col-md-offset-0 col-lg-offset-0 col-xs-pull-0 col-sm-pull-0 col-md-pull-0 col-lg-pull-0 col-xs-push-0 col-sm-push-0 col-md-push-0 col-lg-push-0\">\n<div class=\"lazy-load-effect\"><div class=\"lazy-load-effect-child\" style=\"-ms-animation-duration: 1s; -webkit-animation-duration: 1s; animation-duration: 1s; -ms-animation-timing-function: linear; -webkit-animation-timing-function: linear; animation-timing-function: linear; -ms-transform-origin: center; -webkit-transform-origin: center; transform-origin: center; -ms-transform:translateX(2000px) ; -webkit-transform:translateX(2000px) ; transform:translateX(2000px) ; \">\n<p><a href=\"#\"><img loading=\"lazy\" decoding=\"async\" class=\"alignleft size-full wp-image-1293\" src=\"http:\/\/www.elizesolutions.com\/wp-content\/uploads\/2017\/02\/mobile-experience.jpg\" alt=\"time-experience\" width=\"1276\" height=\"718\" srcset=\"https:\/\/www.elizesolutions.com\/wp-content\/uploads\/2017\/02\/mobile-experience.jpg 1276w, https:\/\/www.elizesolutions.com\/wp-content\/uploads\/2017\/02\/mobile-experience-300x169.jpg 300w, https:\/\/www.elizesolutions.com\/wp-content\/uploads\/2017\/02\/mobile-experience-768x432.jpg 768w, https:\/\/www.elizesolutions.com\/wp-content\/uploads\/2017\/02\/mobile-experience-1024x576.jpg 1024w\" sizes=\"auto, (max-width: 1276px) 100vw, 1276px\" \/><\/a><\/p>\n<\/div><\/div>\n<\/div>\n<\/div>\n<\/div>\n<\/div>\n<div class=\"row row-edge  \" >\n<div class=\"col-md-12 col-xs-offset-0 col-sm-offset-0 col-md-offset-0 col-lg-offset-0 col-xs-pull-0 col-sm-pull-0 col-md-pull-0 col-lg-pull-0 col-xs-push-0 col-sm-push-0 col-md-push-0 col-lg-push-0\">\n<div class=\"cherry-hr   hr-910\"><\/div>\n<\/div>\n<\/div>\n","protected":false},"excerpt":{"rendered":"","protected":false},"author":2,"featured_media":0,"parent":41,"menu_order":0,"comment_status":"closed","ping_status":"closed","template":"","meta":{"_exactmetrics_skip_tracking":false,"_exactmetrics_sitenote_active":false,"_exactmetrics_sitenote_note":"","_exactmetrics_sitenote_category":0,"footnotes":""},"class_list":["post-1286","page","type-page","status-publish","hentry"],"translation":{"provider":"WPGlobus","version":"3.0.2","language":"es","enabled_languages":["en","es","ru"],"languages":{"en":{"title":true,"content":true,"excerpt":false},"es":{"title":true,"content":true,"excerpt":false},"ru":{"title":true,"content":true,"excerpt":false}}},"yoast_head":"<!-- This site is optimized with the Yoast SEO plugin v27.6 - https:\/\/yoast.com\/product\/yoast-seo-wordpress\/ -->\n<title>Historia - Elize Invest Solutions<\/title>\n<meta name=\"robots\" content=\"index, follow, max-snippet:-1, max-image-preview:large, max-video-preview:-1\" \/>\n<link rel=\"canonical\" href=\"https:\/\/www.elizesolutions.com\/ru\/about-us\/history\/\" \/>\n<meta property=\"og:locale\" content=\"es_ES\" \/>\n<meta property=\"og:type\" content=\"article\" \/>\n<meta property=\"og:title\" content=\"Historia - Elize Invest Solutions\" \/>\n<meta property=\"og:url\" content=\"https:\/\/www.elizesolutions.com\/ru\/about-us\/history\/\" \/>\n<meta property=\"og:site_name\" content=\"Elize Invest Solutions\" \/>\n<meta property=\"article:publisher\" content=\"https:\/\/www.facebook.com\/elizesolutions\/\" \/>\n<meta property=\"article:modified_time\" content=\"2019-03-06T14:18:11+00:00\" \/>\n<meta property=\"og:image\" content=\"https:\/\/www.elizesolutions.com\/wp-content\/uploads\/2017\/02\/drain-time-energy-work.png\" \/>\n<meta name=\"twitter:card\" content=\"summary_large_image\" \/>\n<meta name=\"twitter:label1\" content=\"Tiempo de lectura\" \/>\n\t<meta name=\"twitter:data1\" content=\"31 minutos\" \/>\n<script type=\"application\/ld+json\" class=\"yoast-schema-graph\">{\"@context\":\"https:\\\/\\\/schema.org\",\"@graph\":[{\"@type\":\"WebPage\",\"@id\":\"https:\\\/\\\/www.elizesolutions.com\\\/ru\\\/about-us\\\/history\\\/\",\"url\":\"https:\\\/\\\/www.elizesolutions.com\\\/ru\\\/about-us\\\/history\\\/\",\"name\":\"Historia - Elize Invest Solutions\",\"isPartOf\":{\"@id\":\"https:\\\/\\\/www.elizesolutions.com\\\/#website\"},\"primaryImageOfPage\":{\"@id\":\"https:\\\/\\\/www.elizesolutions.com\\\/ru\\\/about-us\\\/history\\\/#primaryimage\"},\"image\":{\"@id\":\"https:\\\/\\\/www.elizesolutions.com\\\/ru\\\/about-us\\\/history\\\/#primaryimage\"},\"thumbnailUrl\":\"https:\\\/\\\/www.elizesolutions.com\\\/wp-content\\\/uploads\\\/2017\\\/02\\\/drain-time-energy-work.png\",\"datePublished\":\"2017-02-01T11:25:52+00:00\",\"dateModified\":\"2019-03-06T14:18:11+00:00\",\"breadcrumb\":{\"@id\":\"https:\\\/\\\/www.elizesolutions.com\\\/ru\\\/about-us\\\/history\\\/#breadcrumb\"},\"inLanguage\":\"es\",\"potentialAction\":[{\"@type\":\"ReadAction\",\"target\":[\"https:\\\/\\\/www.elizesolutions.com\\\/ru\\\/about-us\\\/history\\\/\"]}]},{\"@type\":\"ImageObject\",\"inLanguage\":\"es\",\"@id\":\"https:\\\/\\\/www.elizesolutions.com\\\/ru\\\/about-us\\\/history\\\/#primaryimage\",\"url\":\"https:\\\/\\\/www.elizesolutions.com\\\/wp-content\\\/uploads\\\/2017\\\/02\\\/drain-time-energy-work.png\",\"contentUrl\":\"https:\\\/\\\/www.elizesolutions.com\\\/wp-content\\\/uploads\\\/2017\\\/02\\\/drain-time-energy-work.png\"},{\"@type\":\"BreadcrumbList\",\"@id\":\"https:\\\/\\\/www.elizesolutions.com\\\/ru\\\/about-us\\\/history\\\/#breadcrumb\",\"itemListElement\":[{\"@type\":\"ListItem\",\"position\":1,\"name\":\"Home\",\"item\":\"https:\\\/\\\/www.elizesolutions.com\\\/\"},{\"@type\":\"ListItem\",\"position\":2,\"name\":\"About us\",\"item\":\"https:\\\/\\\/www.elizesolutions.com\\\/about-us\\\/\"},{\"@type\":\"ListItem\",\"position\":3,\"name\":\"\u0418\u0441\u0442\u043e\u0440\u0438\u044f\"}]},{\"@type\":\"WebSite\",\"@id\":\"https:\\\/\\\/www.elizesolutions.com\\\/#website\",\"url\":\"https:\\\/\\\/www.elizesolutions.com\\\/\",\"name\":\"Elize Invest Solutions\",\"description\":\"\",\"publisher\":{\"@id\":\"https:\\\/\\\/www.elizesolutions.com\\\/#organization\"},\"potentialAction\":[{\"@type\":\"SearchAction\",\"target\":{\"@type\":\"EntryPoint\",\"urlTemplate\":\"https:\\\/\\\/www.elizesolutions.com\\\/?s={search_term_string}\"},\"query-input\":{\"@type\":\"PropertyValueSpecification\",\"valueRequired\":true,\"valueName\":\"search_term_string\"}}],\"inLanguage\":\"es\"},{\"@type\":\"Organization\",\"@id\":\"https:\\\/\\\/www.elizesolutions.com\\\/#organization\",\"name\":\"Elize Invest Solutions LLC\",\"url\":\"https:\\\/\\\/www.elizesolutions.com\\\/\",\"logo\":{\"@type\":\"ImageObject\",\"inLanguage\":\"es\",\"@id\":\"https:\\\/\\\/www.elizesolutions.com\\\/#\\\/schema\\\/logo\\\/image\\\/\",\"url\":\"https:\\\/\\\/www.elizesolutions.com\\\/wp-content\\\/uploads\\\/2019\\\/03\\\/ELIZE_logo_solo.png\",\"contentUrl\":\"https:\\\/\\\/www.elizesolutions.com\\\/wp-content\\\/uploads\\\/2019\\\/03\\\/ELIZE_logo_solo.png\",\"width\":980,\"height\":1439,\"caption\":\"Elize Invest Solutions LLC\"},\"image\":{\"@id\":\"https:\\\/\\\/www.elizesolutions.com\\\/#\\\/schema\\\/logo\\\/image\\\/\"},\"sameAs\":[\"https:\\\/\\\/www.facebook.com\\\/elizesolutions\\\/\",\"https:\\\/\\\/www.youtube.com\\\/channel\\\/UCl00USLHItbINYSo-XsYdtg\"]}]}<\/script>\n<!-- \/ Yoast SEO plugin. -->","yoast_head_json":{"title":"Historia - Elize Invest Solutions","robots":{"index":"index","follow":"follow","max-snippet":"max-snippet:-1","max-image-preview":"max-image-preview:large","max-video-preview":"max-video-preview:-1"},"canonical":"https:\/\/www.elizesolutions.com\/ru\/about-us\/history\/","og_locale":"es_ES","og_type":"article","og_title":"Historia - Elize Invest Solutions","og_url":"https:\/\/www.elizesolutions.com\/ru\/about-us\/history\/","og_site_name":"Elize Invest Solutions","article_publisher":"https:\/\/www.facebook.com\/elizesolutions\/","article_modified_time":"2019-03-06T14:18:11+00:00","og_image":[{"url":"https:\/\/www.elizesolutions.com\/wp-content\/uploads\/2017\/02\/drain-time-energy-work.png","type":"","width":"","height":""}],"twitter_card":"summary_large_image","twitter_misc":{"Tiempo de lectura":"31 minutos"},"schema":{"@context":"https:\/\/schema.org","@graph":[{"@type":"WebPage","@id":"https:\/\/www.elizesolutions.com\/ru\/about-us\/history\/","url":"https:\/\/www.elizesolutions.com\/ru\/about-us\/history\/","name":"Historia - Elize Invest Solutions","isPartOf":{"@id":"https:\/\/www.elizesolutions.com\/#website"},"primaryImageOfPage":{"@id":"https:\/\/www.elizesolutions.com\/ru\/about-us\/history\/#primaryimage"},"image":{"@id":"https:\/\/www.elizesolutions.com\/ru\/about-us\/history\/#primaryimage"},"thumbnailUrl":"https:\/\/www.elizesolutions.com\/wp-content\/uploads\/2017\/02\/drain-time-energy-work.png","datePublished":"2017-02-01T11:25:52+00:00","dateModified":"2019-03-06T14:18:11+00:00","breadcrumb":{"@id":"https:\/\/www.elizesolutions.com\/ru\/about-us\/history\/#breadcrumb"},"inLanguage":"es","potentialAction":[{"@type":"ReadAction","target":["https:\/\/www.elizesolutions.com\/ru\/about-us\/history\/"]}]},{"@type":"ImageObject","inLanguage":"es","@id":"https:\/\/www.elizesolutions.com\/ru\/about-us\/history\/#primaryimage","url":"https:\/\/www.elizesolutions.com\/wp-content\/uploads\/2017\/02\/drain-time-energy-work.png","contentUrl":"https:\/\/www.elizesolutions.com\/wp-content\/uploads\/2017\/02\/drain-time-energy-work.png"},{"@type":"BreadcrumbList","@id":"https:\/\/www.elizesolutions.com\/ru\/about-us\/history\/#breadcrumb","itemListElement":[{"@type":"ListItem","position":1,"name":"Home","item":"https:\/\/www.elizesolutions.com\/"},{"@type":"ListItem","position":2,"name":"About us","item":"https:\/\/www.elizesolutions.com\/about-us\/"},{"@type":"ListItem","position":3,"name":"\u0418\u0441\u0442\u043e\u0440\u0438\u044f"}]},{"@type":"WebSite","@id":"https:\/\/www.elizesolutions.com\/#website","url":"https:\/\/www.elizesolutions.com\/","name":"Elize Invest Solutions","description":"","publisher":{"@id":"https:\/\/www.elizesolutions.com\/#organization"},"potentialAction":[{"@type":"SearchAction","target":{"@type":"EntryPoint","urlTemplate":"https:\/\/www.elizesolutions.com\/?s={search_term_string}"},"query-input":{"@type":"PropertyValueSpecification","valueRequired":true,"valueName":"search_term_string"}}],"inLanguage":"es"},{"@type":"Organization","@id":"https:\/\/www.elizesolutions.com\/#organization","name":"Elize Invest Solutions LLC","url":"https:\/\/www.elizesolutions.com\/","logo":{"@type":"ImageObject","inLanguage":"es","@id":"https:\/\/www.elizesolutions.com\/#\/schema\/logo\/image\/","url":"https:\/\/www.elizesolutions.com\/wp-content\/uploads\/2019\/03\/ELIZE_logo_solo.png","contentUrl":"https:\/\/www.elizesolutions.com\/wp-content\/uploads\/2019\/03\/ELIZE_logo_solo.png","width":980,"height":1439,"caption":"Elize Invest Solutions LLC"},"image":{"@id":"https:\/\/www.elizesolutions.com\/#\/schema\/logo\/image\/"},"sameAs":["https:\/\/www.facebook.com\/elizesolutions\/","https:\/\/www.youtube.com\/channel\/UCl00USLHItbINYSo-XsYdtg"]}]}},"post_mailing_queue_ids":[],"_links":{"self":[{"href":"https:\/\/www.elizesolutions.com\/es\/wp-json\/wp\/v2\/pages\/1286","targetHints":{"allow":["GET"]}}],"collection":[{"href":"https:\/\/www.elizesolutions.com\/es\/wp-json\/wp\/v2\/pages"}],"about":[{"href":"https:\/\/www.elizesolutions.com\/es\/wp-json\/wp\/v2\/types\/page"}],"author":[{"embeddable":true,"href":"https:\/\/www.elizesolutions.com\/es\/wp-json\/wp\/v2\/users\/2"}],"replies":[{"embeddable":true,"href":"https:\/\/www.elizesolutions.com\/es\/wp-json\/wp\/v2\/comments?post=1286"}],"version-history":[{"count":16,"href":"https:\/\/www.elizesolutions.com\/es\/wp-json\/wp\/v2\/pages\/1286\/revisions"}],"predecessor-version":[{"id":2286,"href":"https:\/\/www.elizesolutions.com\/es\/wp-json\/wp\/v2\/pages\/1286\/revisions\/2286"}],"up":[{"embeddable":true,"href":"https:\/\/www.elizesolutions.com\/es\/wp-json\/wp\/v2\/pages\/41"}],"wp:attachment":[{"href":"https:\/\/www.elizesolutions.com\/es\/wp-json\/wp\/v2\/media?parent=1286"}],"curies":[{"name":"wp","href":"https:\/\/api.w.org\/{rel}","templated":true}]}}