{"id":2450,"date":"2019-03-21T13:31:31","date_gmt":"2019-03-21T17:31:31","guid":{"rendered":"https:\/\/www.elizesolutions.com\/?page_id=2450"},"modified":"2019-03-22T09:04:45","modified_gmt":"2019-03-22T13:04:45","slug":"six-ai-solutions-every-investment-bank-needs","status":"publish","type":"page","link":"https:\/\/www.elizesolutions.com\/es\/solutions\/professionals\/banking\/six-ai-solutions-every-investment-bank-needs\/","title":{"rendered":"Seis Soluciones de IA Que cada banco de Inversi\u00f3n Necesita"},"content":{"rendered":"<h2 class=\"title\">Seis Soluciones de IA Que cada banco de Inversi\u00f3n Necesita<\/h2>\n<div class=\"cherry-spacer  \" style=\"height:40px;\"><\/div>\n<p style=\"text-align: left;\"><div class=\"su-row\"><div class=\"su-column su-column-size-1-2\"><div class=\"su-column-inner su-u-clearfix su-u-trim\">A medida que aumenta el costo de hacer negocios, tambi\u00e9n aumenta la necesidad de que los bancos de inversi\u00f3n reduzcan los costos y aumenten los ingresos, todo ello al tiempo que proporcionan el nivel m\u00e1s alto de Servicio a sus clientes. El aprendizaje autom\u00e1tico y la inteligencia artificial (IA) representan una gran oportunidad para que los bancos de inversi\u00f3n mejoren su tan diverso conjunto de negocios \u2013 pero \u00bfc\u00f3mo pueden empezar?<\/p>\n<p>Este nuevo eBook resalta casos pr\u00e1cticos de uso de IA en el mercado de la banca de inversi\u00f3n actual. Con este conocimiento, los banqueros de inversi\u00f3n pueden aprovechar la enorme cantidad de datos que generan y transformarlos en empresas habilitadas para la IA.<\/div><\/div> <div class=\"su-column su-column-size-1-2\"><div class=\"su-column-inner su-u-clearfix su-u-trim\">\t\t\t\t<div class=\"email_download_link\">\r\n\t\t\t\t\t\t<form action=\"#\" method=\"post\" class=\"ed_form\" id=\"ed_form_1778708210\">\r\n\t\t\t\t<p><span class=\"name\">Name *<\/span><br><input type=\"text\" name=\"name\" id=\"name\" placeholder=\"Name\" value=\"\" maxlength=\"50\" required\/><\/p>\t\t\t\t<p><span class=\"email\">Email *<\/span><br><input class=\"\" type=\"email\" id=\"email\" name=\"email\" value=\"\" placeholder=\"Email *\"  maxlength=\"225\" required\/><\/p>\t\t\t\t\t\t\t\t\t\t\t\t\t\t\t\t\t\t\t\t<br \/>\r\n\t\t\t\t<input name=\"submit\" class=\"submit\" id=\"ed_form_submit_1778708210\" value=\"Send Download Link\" type=\"submit\" \/>\r\n\t\t\t\t<span class=\"ed_form_spinner\" id=\"loading-image\" style=\"display:none;\">\r\n\t\t\t\t\t<img decoding=\"async\" src=\"https:\/\/www.elizesolutions.com\/wp-content\/plugins\/email-download-link\/images\/ajax-loader.gif\" \/>\r\n\t\t\t\t<\/span>\r\n\t\t\t\t<input name=\"guid\" id=\"guid\" value=\"vpsjlg-zewkpf-zyromu-rtlasf-mlijkq\" type=\"hidden\"\/>\r\n\t\t\t\t<input type=\"text\" style=\"display:none;\" id=\"email_name\" name=\"email_name\" value=\"\" type=\"hidden\"\/>\r\n\t\t\t\t<input name=\"form_nonce\" id=\"form_nonce\" value=\"1aae859eb0\" type=\"hidden\"\/>\r\n\t\t\t\t<input name=\"name_mand\" id=\"name_mand\" value=\"YES\" type=\"hidden\"\/>\r\n\t\t\t\t<input name=\"gdpr_mand\" id=\"gdpr_mand\" value=\"NO\" type=\"hidden\"\/>\r\n\t\t\t\t<input name=\"phone_mand\" id=\"phone_mand\" value=\"\" type=\"hidden\"\/>\r\n\t\t\t<\/form>\t\r\n\t\t\t<span class=\"ed_form_message\" id=\"ed_form_message_1778708210\"><\/span>\r\n\t\t<\/div>\r\n\t<\/div><\/div><\/div>\n","protected":false},"excerpt":{"rendered":"Seis Soluciones de IA Que cada banco de Inversi\u00f3n Necesita","protected":false},"author":2,"featured_media":0,"parent":2362,"menu_order":0,"comment_status":"closed","ping_status":"closed","template":"","meta":{"_exactmetrics_skip_tracking":false,"_exactmetrics_sitenote_active":false,"_exactmetrics_sitenote_note":"","_exactmetrics_sitenote_category":0,"footnotes":""},"class_list":["post-2450","page","type-page","status-publish","hentry"],"translation":{"provider":"WPGlobus","version":"3.0.2","language":"es","enabled_languages":["en","es","ru"],"languages":{"en":{"title":true,"content":true,"excerpt":false},"es":{"title":true,"content":true,"excerpt":false},"ru":{"title":true,"content":true,"excerpt":false}}},"yoast_head":"<!-- This site is optimized with the Yoast SEO plugin v27.6 - https:\/\/yoast.com\/product\/yoast-seo-wordpress\/ -->\n<title>Seis Soluciones de IA Que cada banco de Inversi\u00f3n Necesita - Elize Invest Solutions<\/title>\n<meta name=\"robots\" content=\"index, follow, max-snippet:-1, max-image-preview:large, max-video-preview:-1\" \/>\n<link rel=\"canonical\" href=\"https:\/\/www.elizesolutions.com\/solutions\/professionals\/banking\/six-ai-solutions-every-investment-bank-needs\/\" \/>\n<meta property=\"og:locale\" content=\"es_ES\" \/>\n<meta property=\"og:type\" content=\"article\" \/>\n<meta property=\"og:title\" content=\"Seis Soluciones de IA Que cada banco de Inversi\u00f3n Necesita - Elize Invest Solutions\" \/>\n<meta property=\"og:url\" content=\"https:\/\/www.elizesolutions.com\/solutions\/professionals\/banking\/six-ai-solutions-every-investment-bank-needs\/\" \/>\n<meta property=\"og:site_name\" content=\"Elize Invest Solutions\" \/>\n<meta property=\"article:publisher\" content=\"https:\/\/www.facebook.com\/elizesolutions\/\" \/>\n<meta property=\"article:modified_time\" content=\"2019-03-22T13:04:45+00:00\" \/>\n<meta name=\"twitter:card\" content=\"summary_large_image\" \/>\n<meta name=\"twitter:label1\" content=\"Tiempo de lectura\" \/>\n\t<meta name=\"twitter:data1\" content=\"2 minutos\" \/>\n<script type=\"application\/ld+json\" class=\"yoast-schema-graph\">{\"@context\":\"https:\\\/\\\/schema.org\",\"@graph\":[{\"@type\":\"WebPage\",\"@id\":\"https:\\\/\\\/www.elizesolutions.com\\\/solutions\\\/professionals\\\/banking\\\/six-ai-solutions-every-investment-bank-needs\\\/\",\"url\":\"https:\\\/\\\/www.elizesolutions.com\\\/solutions\\\/professionals\\\/banking\\\/six-ai-solutions-every-investment-bank-needs\\\/\",\"name\":\"Seis Soluciones de IA Que cada banco de Inversi\u00f3n Necesita - Elize Invest Solutions\",\"isPartOf\":{\"@id\":\"https:\\\/\\\/www.elizesolutions.com\\\/#website\"},\"datePublished\":\"2019-03-21T17:31:31+00:00\",\"dateModified\":\"2019-03-22T13:04:45+00:00\",\"breadcrumb\":{\"@id\":\"https:\\\/\\\/www.elizesolutions.com\\\/solutions\\\/professionals\\\/banking\\\/six-ai-solutions-every-investment-bank-needs\\\/#breadcrumb\"},\"inLanguage\":\"es\",\"potentialAction\":[{\"@type\":\"ReadAction\",\"target\":[\"https:\\\/\\\/www.elizesolutions.com\\\/solutions\\\/professionals\\\/banking\\\/six-ai-solutions-every-investment-bank-needs\\\/\"]}]},{\"@type\":\"BreadcrumbList\",\"@id\":\"https:\\\/\\\/www.elizesolutions.com\\\/solutions\\\/professionals\\\/banking\\\/six-ai-solutions-every-investment-bank-needs\\\/#breadcrumb\",\"itemListElement\":[{\"@type\":\"ListItem\",\"position\":1,\"name\":\"Home\",\"item\":\"https:\\\/\\\/www.elizesolutions.com\\\/\"},{\"@type\":\"ListItem\",\"position\":2,\"name\":\"Solutions\",\"item\":\"https:\\\/\\\/www.elizesolutions.com\\\/solutions\\\/\"},{\"@type\":\"ListItem\",\"position\":3,\"name\":\"Professionals\",\"item\":\"https:\\\/\\\/www.elizesolutions.com\\\/solutions\\\/professionals\\\/\"},{\"@type\":\"ListItem\",\"position\":4,\"name\":\"Banking\",\"item\":\"https:\\\/\\\/www.elizesolutions.com\\\/solutions\\\/professionals\\\/banking\\\/\"},{\"@type\":\"ListItem\",\"position\":5,\"name\":\"Six AI Solutions Every Investment Bank Needs\"}]},{\"@type\":\"WebSite\",\"@id\":\"https:\\\/\\\/www.elizesolutions.com\\\/#website\",\"url\":\"https:\\\/\\\/www.elizesolutions.com\\\/\",\"name\":\"Elize Invest Solutions\",\"description\":\"\",\"publisher\":{\"@id\":\"https:\\\/\\\/www.elizesolutions.com\\\/#organization\"},\"potentialAction\":[{\"@type\":\"SearchAction\",\"target\":{\"@type\":\"EntryPoint\",\"urlTemplate\":\"https:\\\/\\\/www.elizesolutions.com\\\/?s={search_term_string}\"},\"query-input\":{\"@type\":\"PropertyValueSpecification\",\"valueRequired\":true,\"valueName\":\"search_term_string\"}}],\"inLanguage\":\"es\"},{\"@type\":\"Organization\",\"@id\":\"https:\\\/\\\/www.elizesolutions.com\\\/#organization\",\"name\":\"Elize Invest Solutions LLC\",\"url\":\"https:\\\/\\\/www.elizesolutions.com\\\/\",\"logo\":{\"@type\":\"ImageObject\",\"inLanguage\":\"es\",\"@id\":\"https:\\\/\\\/www.elizesolutions.com\\\/#\\\/schema\\\/logo\\\/image\\\/\",\"url\":\"https:\\\/\\\/www.elizesolutions.com\\\/wp-content\\\/uploads\\\/2019\\\/03\\\/ELIZE_logo_solo.png\",\"contentUrl\":\"https:\\\/\\\/www.elizesolutions.com\\\/wp-content\\\/uploads\\\/2019\\\/03\\\/ELIZE_logo_solo.png\",\"width\":980,\"height\":1439,\"caption\":\"Elize Invest Solutions LLC\"},\"image\":{\"@id\":\"https:\\\/\\\/www.elizesolutions.com\\\/#\\\/schema\\\/logo\\\/image\\\/\"},\"sameAs\":[\"https:\\\/\\\/www.facebook.com\\\/elizesolutions\\\/\",\"https:\\\/\\\/www.youtube.com\\\/channel\\\/UCl00USLHItbINYSo-XsYdtg\"]}]}<\/script>\n<!-- \/ Yoast SEO plugin. -->","yoast_head_json":{"title":"Seis Soluciones de IA Que cada banco de Inversi\u00f3n Necesita - Elize Invest Solutions","robots":{"index":"index","follow":"follow","max-snippet":"max-snippet:-1","max-image-preview":"max-image-preview:large","max-video-preview":"max-video-preview:-1"},"canonical":"https:\/\/www.elizesolutions.com\/solutions\/professionals\/banking\/six-ai-solutions-every-investment-bank-needs\/","og_locale":"es_ES","og_type":"article","og_title":"Seis Soluciones de IA Que cada banco de Inversi\u00f3n Necesita - Elize Invest Solutions","og_url":"https:\/\/www.elizesolutions.com\/solutions\/professionals\/banking\/six-ai-solutions-every-investment-bank-needs\/","og_site_name":"Elize Invest Solutions","article_publisher":"https:\/\/www.facebook.com\/elizesolutions\/","article_modified_time":"2019-03-22T13:04:45+00:00","twitter_card":"summary_large_image","twitter_misc":{"Tiempo de lectura":"2 minutos"},"schema":{"@context":"https:\/\/schema.org","@graph":[{"@type":"WebPage","@id":"https:\/\/www.elizesolutions.com\/solutions\/professionals\/banking\/six-ai-solutions-every-investment-bank-needs\/","url":"https:\/\/www.elizesolutions.com\/solutions\/professionals\/banking\/six-ai-solutions-every-investment-bank-needs\/","name":"Seis Soluciones de IA Que cada banco de Inversi\u00f3n Necesita - Elize Invest Solutions","isPartOf":{"@id":"https:\/\/www.elizesolutions.com\/#website"},"datePublished":"2019-03-21T17:31:31+00:00","dateModified":"2019-03-22T13:04:45+00:00","breadcrumb":{"@id":"https:\/\/www.elizesolutions.com\/solutions\/professionals\/banking\/six-ai-solutions-every-investment-bank-needs\/#breadcrumb"},"inLanguage":"es","potentialAction":[{"@type":"ReadAction","target":["https:\/\/www.elizesolutions.com\/solutions\/professionals\/banking\/six-ai-solutions-every-investment-bank-needs\/"]}]},{"@type":"BreadcrumbList","@id":"https:\/\/www.elizesolutions.com\/solutions\/professionals\/banking\/six-ai-solutions-every-investment-bank-needs\/#breadcrumb","itemListElement":[{"@type":"ListItem","position":1,"name":"Home","item":"https:\/\/www.elizesolutions.com\/"},{"@type":"ListItem","position":2,"name":"Solutions","item":"https:\/\/www.elizesolutions.com\/solutions\/"},{"@type":"ListItem","position":3,"name":"Professionals","item":"https:\/\/www.elizesolutions.com\/solutions\/professionals\/"},{"@type":"ListItem","position":4,"name":"Banking","item":"https:\/\/www.elizesolutions.com\/solutions\/professionals\/banking\/"},{"@type":"ListItem","position":5,"name":"Six AI Solutions Every Investment Bank Needs"}]},{"@type":"WebSite","@id":"https:\/\/www.elizesolutions.com\/#website","url":"https:\/\/www.elizesolutions.com\/","name":"Elize Invest Solutions","description":"","publisher":{"@id":"https:\/\/www.elizesolutions.com\/#organization"},"potentialAction":[{"@type":"SearchAction","target":{"@type":"EntryPoint","urlTemplate":"https:\/\/www.elizesolutions.com\/?s={search_term_string}"},"query-input":{"@type":"PropertyValueSpecification","valueRequired":true,"valueName":"search_term_string"}}],"inLanguage":"es"},{"@type":"Organization","@id":"https:\/\/www.elizesolutions.com\/#organization","name":"Elize Invest Solutions LLC","url":"https:\/\/www.elizesolutions.com\/","logo":{"@type":"ImageObject","inLanguage":"es","@id":"https:\/\/www.elizesolutions.com\/#\/schema\/logo\/image\/","url":"https:\/\/www.elizesolutions.com\/wp-content\/uploads\/2019\/03\/ELIZE_logo_solo.png","contentUrl":"https:\/\/www.elizesolutions.com\/wp-content\/uploads\/2019\/03\/ELIZE_logo_solo.png","width":980,"height":1439,"caption":"Elize Invest Solutions LLC"},"image":{"@id":"https:\/\/www.elizesolutions.com\/#\/schema\/logo\/image\/"},"sameAs":["https:\/\/www.facebook.com\/elizesolutions\/","https:\/\/www.youtube.com\/channel\/UCl00USLHItbINYSo-XsYdtg"]}]}},"post_mailing_queue_ids":[],"_links":{"self":[{"href":"https:\/\/www.elizesolutions.com\/es\/wp-json\/wp\/v2\/pages\/2450","targetHints":{"allow":["GET"]}}],"collection":[{"href":"https:\/\/www.elizesolutions.com\/es\/wp-json\/wp\/v2\/pages"}],"about":[{"href":"https:\/\/www.elizesolutions.com\/es\/wp-json\/wp\/v2\/types\/page"}],"author":[{"embeddable":true,"href":"https:\/\/www.elizesolutions.com\/es\/wp-json\/wp\/v2\/users\/2"}],"replies":[{"embeddable":true,"href":"https:\/\/www.elizesolutions.com\/es\/wp-json\/wp\/v2\/comments?post=2450"}],"version-history":[{"count":8,"href":"https:\/\/www.elizesolutions.com\/es\/wp-json\/wp\/v2\/pages\/2450\/revisions"}],"predecessor-version":[{"id":2508,"href":"https:\/\/www.elizesolutions.com\/es\/wp-json\/wp\/v2\/pages\/2450\/revisions\/2508"}],"up":[{"embeddable":true,"href":"https:\/\/www.elizesolutions.com\/es\/wp-json\/wp\/v2\/pages\/2362"}],"wp:attachment":[{"href":"https:\/\/www.elizesolutions.com\/es\/wp-json\/wp\/v2\/media?parent=2450"}],"curies":[{"name":"wp","href":"https:\/\/api.w.org\/{rel}","templated":true}]}}