{"id":2491,"date":"2019-03-22T05:01:46","date_gmt":"2019-03-22T09:01:46","guid":{"rendered":"https:\/\/www.elizesolutions.com\/?page_id=2491"},"modified":"2019-03-22T05:01:46","modified_gmt":"2019-03-22T09:01:46","slug":"fintech-executive-briefing","status":"publish","type":"page","link":"https:\/\/www.elizesolutions.com\/es\/solutions\/professionals\/fintech\/fintech-executive-briefing\/","title":{"rendered":"Reuni\u00f3n Ejecutiva De Fintech"},"content":{"rendered":"<h2 class=\"title\">\n<h2 class=\"title\">ELIZE Soluciones Fintech Executive Briefing<\/h2>\n<div class=\"cherry-spacer  \" style=\"height:40px;\"><\/div>\n<p style=\"text-align: left;\"><div class=\"su-row\"><div class=\"su-column su-column-size-1-2\"><div class=\"su-column-inner su-u-clearfix su-u-trim\">La industria de fintech es una interrupci\u00f3n emergente de los servicios bancarios y financieros tradicionales, y el aprendizaje autom\u00e1tico y los algoritmos predictivos est\u00e1n ahora omnipresentes en toda la industria, sirviendo como aspectos integrales a la mayor\u00eda de los procesos de fintech. Descargue este eBook de Fintech para aprender c\u00f3mo los cient\u00edficos de datos y SOPs de negocios est\u00e1n aplicando el aprendizaje autom\u00e1tico de la m\u00e1quina para hacer m\u00e1s que s\u00f3lo sacar predicciones, sino tambi\u00e9n paraator los resultados de la l\u00ednea de fondo.<\/div><\/div> <div class=\"su-column su-column-size-1-2\"><div class=\"su-column-inner su-u-clearfix su-u-trim\">\t\t\t\t<div class=\"email_download_link\">\r\n\t\t\t\t\t\t<form action=\"#\" method=\"post\" class=\"ed_form\" id=\"ed_form_1778718781\">\r\n\t\t\t\t<p><span class=\"name\">Name *<\/span><br><input type=\"text\" name=\"name\" id=\"name\" placeholder=\"Name\" value=\"\" maxlength=\"50\" required\/><\/p>\t\t\t\t<p><span class=\"email\">Email *<\/span><br><input class=\"\" type=\"email\" id=\"email\" name=\"email\" value=\"\" placeholder=\"Email *\"  maxlength=\"225\" required\/><\/p>\t\t\t\t\t\t\t\t\t\t\t\t\t\t\t\t\t\t\t\t<br \/>\r\n\t\t\t\t<input name=\"submit\" class=\"submit\" id=\"ed_form_submit_1778718781\" value=\"Send Download Link\" type=\"submit\" \/>\r\n\t\t\t\t<span class=\"ed_form_spinner\" id=\"loading-image\" style=\"display:none;\">\r\n\t\t\t\t\t<img decoding=\"async\" src=\"https:\/\/www.elizesolutions.com\/wp-content\/plugins\/email-download-link\/images\/ajax-loader.gif\" \/>\r\n\t\t\t\t<\/span>\r\n\t\t\t\t<input name=\"guid\" id=\"guid\" value=\"cyjhbf-xtvnrg-dnwbig-ubdpmw-iztfnu\" type=\"hidden\"\/>\r\n\t\t\t\t<input type=\"text\" style=\"display:none;\" id=\"email_name\" name=\"email_name\" value=\"\" type=\"hidden\"\/>\r\n\t\t\t\t<input name=\"form_nonce\" id=\"form_nonce\" value=\"45ff7cdfe4\" type=\"hidden\"\/>\r\n\t\t\t\t<input name=\"name_mand\" id=\"name_mand\" value=\"YES\" type=\"hidden\"\/>\r\n\t\t\t\t<input name=\"gdpr_mand\" id=\"gdpr_mand\" value=\"NO\" type=\"hidden\"\/>\r\n\t\t\t\t<input name=\"phone_mand\" id=\"phone_mand\" value=\"\" type=\"hidden\"\/>\r\n\t\t\t<\/form>\t\r\n\t\t\t<span class=\"ed_form_message\" id=\"ed_form_message_1778718781\"><\/span>\r\n\t\t<\/div>\r\n\t<\/div><\/div><\/div>\n<\/h2>\n<div class=\"cherry-spacer  \" style=\"height:40px;\"><\/div>\n","protected":false},"excerpt":{"rendered":"ELIZE Soluciones Fintech Executive Briefing","protected":false},"author":2,"featured_media":0,"parent":2463,"menu_order":0,"comment_status":"closed","ping_status":"closed","template":"","meta":{"_exactmetrics_skip_tracking":false,"_exactmetrics_sitenote_active":false,"_exactmetrics_sitenote_note":"","_exactmetrics_sitenote_category":0,"footnotes":""},"class_list":["post-2491","page","type-page","status-publish","hentry"],"translation":{"provider":"WPGlobus","version":"3.0.2","language":"es","enabled_languages":["en","es","ru"],"languages":{"en":{"title":true,"content":true,"excerpt":false},"es":{"title":true,"content":true,"excerpt":false},"ru":{"title":true,"content":true,"excerpt":false}}},"yoast_head":"<!-- This site is optimized with the Yoast SEO plugin v27.6 - https:\/\/yoast.com\/product\/yoast-seo-wordpress\/ -->\n<title>Reuni\u00f3n Ejecutiva De Fintech - Elize Invest Solutions<\/title>\n<meta name=\"robots\" content=\"index, follow, max-snippet:-1, max-image-preview:large, max-video-preview:-1\" \/>\n<link rel=\"canonical\" href=\"https:\/\/www.elizesolutions.com\/solutions\/professionals\/fintech\/fintech-executive-briefing\/\" \/>\n<meta property=\"og:locale\" content=\"es_ES\" \/>\n<meta property=\"og:type\" content=\"article\" \/>\n<meta property=\"og:title\" content=\"Reuni\u00f3n Ejecutiva De Fintech - Elize Invest Solutions\" \/>\n<meta property=\"og:url\" content=\"https:\/\/www.elizesolutions.com\/solutions\/professionals\/fintech\/fintech-executive-briefing\/\" \/>\n<meta property=\"og:site_name\" content=\"Elize Invest Solutions\" \/>\n<meta property=\"article:publisher\" content=\"https:\/\/www.facebook.com\/elizesolutions\/\" \/>\n<meta name=\"twitter:card\" content=\"summary_large_image\" \/>\n<meta name=\"twitter:label1\" content=\"Tiempo de lectura\" \/>\n\t<meta name=\"twitter:data1\" content=\"2 minutos\" \/>\n<script type=\"application\/ld+json\" class=\"yoast-schema-graph\">{\"@context\":\"https:\\\/\\\/schema.org\",\"@graph\":[{\"@type\":\"WebPage\",\"@id\":\"https:\\\/\\\/www.elizesolutions.com\\\/solutions\\\/professionals\\\/fintech\\\/fintech-executive-briefing\\\/\",\"url\":\"https:\\\/\\\/www.elizesolutions.com\\\/solutions\\\/professionals\\\/fintech\\\/fintech-executive-briefing\\\/\",\"name\":\"Reuni\u00f3n Ejecutiva De Fintech - Elize Invest Solutions\",\"isPartOf\":{\"@id\":\"https:\\\/\\\/www.elizesolutions.com\\\/#website\"},\"datePublished\":\"2019-03-22T09:01:46+00:00\",\"breadcrumb\":{\"@id\":\"https:\\\/\\\/www.elizesolutions.com\\\/solutions\\\/professionals\\\/fintech\\\/fintech-executive-briefing\\\/#breadcrumb\"},\"inLanguage\":\"es\",\"potentialAction\":[{\"@type\":\"ReadAction\",\"target\":[\"https:\\\/\\\/www.elizesolutions.com\\\/solutions\\\/professionals\\\/fintech\\\/fintech-executive-briefing\\\/\"]}]},{\"@type\":\"BreadcrumbList\",\"@id\":\"https:\\\/\\\/www.elizesolutions.com\\\/solutions\\\/professionals\\\/fintech\\\/fintech-executive-briefing\\\/#breadcrumb\",\"itemListElement\":[{\"@type\":\"ListItem\",\"position\":1,\"name\":\"Home\",\"item\":\"https:\\\/\\\/www.elizesolutions.com\\\/\"},{\"@type\":\"ListItem\",\"position\":2,\"name\":\"Solutions\",\"item\":\"https:\\\/\\\/www.elizesolutions.com\\\/solutions\\\/\"},{\"@type\":\"ListItem\",\"position\":3,\"name\":\"Professionals\",\"item\":\"https:\\\/\\\/www.elizesolutions.com\\\/solutions\\\/professionals\\\/\"},{\"@type\":\"ListItem\",\"position\":4,\"name\":\"Fintech\",\"item\":\"https:\\\/\\\/www.elizesolutions.com\\\/solutions\\\/professionals\\\/fintech\\\/\"},{\"@type\":\"ListItem\",\"position\":5,\"name\":\"Fintech Executive Briefing\"}]},{\"@type\":\"WebSite\",\"@id\":\"https:\\\/\\\/www.elizesolutions.com\\\/#website\",\"url\":\"https:\\\/\\\/www.elizesolutions.com\\\/\",\"name\":\"Elize Invest Solutions\",\"description\":\"\",\"publisher\":{\"@id\":\"https:\\\/\\\/www.elizesolutions.com\\\/#organization\"},\"potentialAction\":[{\"@type\":\"SearchAction\",\"target\":{\"@type\":\"EntryPoint\",\"urlTemplate\":\"https:\\\/\\\/www.elizesolutions.com\\\/?s={search_term_string}\"},\"query-input\":{\"@type\":\"PropertyValueSpecification\",\"valueRequired\":true,\"valueName\":\"search_term_string\"}}],\"inLanguage\":\"es\"},{\"@type\":\"Organization\",\"@id\":\"https:\\\/\\\/www.elizesolutions.com\\\/#organization\",\"name\":\"Elize Invest Solutions LLC\",\"url\":\"https:\\\/\\\/www.elizesolutions.com\\\/\",\"logo\":{\"@type\":\"ImageObject\",\"inLanguage\":\"es\",\"@id\":\"https:\\\/\\\/www.elizesolutions.com\\\/#\\\/schema\\\/logo\\\/image\\\/\",\"url\":\"https:\\\/\\\/www.elizesolutions.com\\\/wp-content\\\/uploads\\\/2019\\\/03\\\/ELIZE_logo_solo.png\",\"contentUrl\":\"https:\\\/\\\/www.elizesolutions.com\\\/wp-content\\\/uploads\\\/2019\\\/03\\\/ELIZE_logo_solo.png\",\"width\":980,\"height\":1439,\"caption\":\"Elize Invest Solutions LLC\"},\"image\":{\"@id\":\"https:\\\/\\\/www.elizesolutions.com\\\/#\\\/schema\\\/logo\\\/image\\\/\"},\"sameAs\":[\"https:\\\/\\\/www.facebook.com\\\/elizesolutions\\\/\",\"https:\\\/\\\/www.youtube.com\\\/channel\\\/UCl00USLHItbINYSo-XsYdtg\"]}]}<\/script>\n<!-- \/ Yoast SEO plugin. -->","yoast_head_json":{"title":"Reuni\u00f3n Ejecutiva De Fintech - Elize Invest Solutions","robots":{"index":"index","follow":"follow","max-snippet":"max-snippet:-1","max-image-preview":"max-image-preview:large","max-video-preview":"max-video-preview:-1"},"canonical":"https:\/\/www.elizesolutions.com\/solutions\/professionals\/fintech\/fintech-executive-briefing\/","og_locale":"es_ES","og_type":"article","og_title":"Reuni\u00f3n Ejecutiva De Fintech - Elize Invest Solutions","og_url":"https:\/\/www.elizesolutions.com\/solutions\/professionals\/fintech\/fintech-executive-briefing\/","og_site_name":"Elize Invest Solutions","article_publisher":"https:\/\/www.facebook.com\/elizesolutions\/","twitter_card":"summary_large_image","twitter_misc":{"Tiempo de lectura":"2 minutos"},"schema":{"@context":"https:\/\/schema.org","@graph":[{"@type":"WebPage","@id":"https:\/\/www.elizesolutions.com\/solutions\/professionals\/fintech\/fintech-executive-briefing\/","url":"https:\/\/www.elizesolutions.com\/solutions\/professionals\/fintech\/fintech-executive-briefing\/","name":"Reuni\u00f3n Ejecutiva De Fintech - Elize Invest Solutions","isPartOf":{"@id":"https:\/\/www.elizesolutions.com\/#website"},"datePublished":"2019-03-22T09:01:46+00:00","breadcrumb":{"@id":"https:\/\/www.elizesolutions.com\/solutions\/professionals\/fintech\/fintech-executive-briefing\/#breadcrumb"},"inLanguage":"es","potentialAction":[{"@type":"ReadAction","target":["https:\/\/www.elizesolutions.com\/solutions\/professionals\/fintech\/fintech-executive-briefing\/"]}]},{"@type":"BreadcrumbList","@id":"https:\/\/www.elizesolutions.com\/solutions\/professionals\/fintech\/fintech-executive-briefing\/#breadcrumb","itemListElement":[{"@type":"ListItem","position":1,"name":"Home","item":"https:\/\/www.elizesolutions.com\/"},{"@type":"ListItem","position":2,"name":"Solutions","item":"https:\/\/www.elizesolutions.com\/solutions\/"},{"@type":"ListItem","position":3,"name":"Professionals","item":"https:\/\/www.elizesolutions.com\/solutions\/professionals\/"},{"@type":"ListItem","position":4,"name":"Fintech","item":"https:\/\/www.elizesolutions.com\/solutions\/professionals\/fintech\/"},{"@type":"ListItem","position":5,"name":"Fintech Executive Briefing"}]},{"@type":"WebSite","@id":"https:\/\/www.elizesolutions.com\/#website","url":"https:\/\/www.elizesolutions.com\/","name":"Elize Invest Solutions","description":"","publisher":{"@id":"https:\/\/www.elizesolutions.com\/#organization"},"potentialAction":[{"@type":"SearchAction","target":{"@type":"EntryPoint","urlTemplate":"https:\/\/www.elizesolutions.com\/?s={search_term_string}"},"query-input":{"@type":"PropertyValueSpecification","valueRequired":true,"valueName":"search_term_string"}}],"inLanguage":"es"},{"@type":"Organization","@id":"https:\/\/www.elizesolutions.com\/#organization","name":"Elize Invest Solutions LLC","url":"https:\/\/www.elizesolutions.com\/","logo":{"@type":"ImageObject","inLanguage":"es","@id":"https:\/\/www.elizesolutions.com\/#\/schema\/logo\/image\/","url":"https:\/\/www.elizesolutions.com\/wp-content\/uploads\/2019\/03\/ELIZE_logo_solo.png","contentUrl":"https:\/\/www.elizesolutions.com\/wp-content\/uploads\/2019\/03\/ELIZE_logo_solo.png","width":980,"height":1439,"caption":"Elize Invest Solutions LLC"},"image":{"@id":"https:\/\/www.elizesolutions.com\/#\/schema\/logo\/image\/"},"sameAs":["https:\/\/www.facebook.com\/elizesolutions\/","https:\/\/www.youtube.com\/channel\/UCl00USLHItbINYSo-XsYdtg"]}]}},"post_mailing_queue_ids":[],"_links":{"self":[{"href":"https:\/\/www.elizesolutions.com\/es\/wp-json\/wp\/v2\/pages\/2491","targetHints":{"allow":["GET"]}}],"collection":[{"href":"https:\/\/www.elizesolutions.com\/es\/wp-json\/wp\/v2\/pages"}],"about":[{"href":"https:\/\/www.elizesolutions.com\/es\/wp-json\/wp\/v2\/types\/page"}],"author":[{"embeddable":true,"href":"https:\/\/www.elizesolutions.com\/es\/wp-json\/wp\/v2\/users\/2"}],"replies":[{"embeddable":true,"href":"https:\/\/www.elizesolutions.com\/es\/wp-json\/wp\/v2\/comments?post=2491"}],"version-history":[{"count":5,"href":"https:\/\/www.elizesolutions.com\/es\/wp-json\/wp\/v2\/pages\/2491\/revisions"}],"predecessor-version":[{"id":2496,"href":"https:\/\/www.elizesolutions.com\/es\/wp-json\/wp\/v2\/pages\/2491\/revisions\/2496"}],"up":[{"embeddable":true,"href":"https:\/\/www.elizesolutions.com\/es\/wp-json\/wp\/v2\/pages\/2463"}],"wp:attachment":[{"href":"https:\/\/www.elizesolutions.com\/es\/wp-json\/wp\/v2\/media?parent=2491"}],"curies":[{"name":"wp","href":"https:\/\/api.w.org\/{rel}","templated":true}]}}