{"id":2687,"date":"2019-03-27T04:29:01","date_gmt":"2019-03-27T08:29:01","guid":{"rendered":"https:\/\/www.elizesolutions.com\/?page_id=2687"},"modified":"2019-03-27T04:33:12","modified_gmt":"2019-03-27T08:33:12","slug":"retail-ml-automation","status":"publish","type":"page","link":"https:\/\/www.elizesolutions.com\/es\/solutions\/professionals\/retail\/retail-ml-automation\/","title":{"rendered":"Automatizaci\u00f3n de Aprendizaje de M\u00e1quina al por menor"},"content":{"rendered":"<h2 class=\"title\">El aprendizaje autom\u00e1tico automatizado ayuda a los minoristas a mejorar la demanda de pron\u00f3sticos<\/h2>\n<div class=\"cherry-spacer  \" style=\"height:40px;\"><\/div>\n<p style=\"text-align: left;\"><div class=\"su-row\"><div class=\"su-column su-column-size-1-2\"><div class=\"su-column-inner su-u-clearfix su-u-trim\">Uno de los mayores desaf\u00edos que enfrentan los minoristas es determinar cu\u00e1nto inventario de productos y qu\u00e9 tipos de productos necesitan tener a mano para satisfacer la demanda esperada de los consumidores. En general, los minoristas est\u00e1n luchando constantemente para hacer coincidir el inventario con la demanda, porque no pueden predecir con exactitud c\u00f3mo cambiar\u00e1 el mercado y qu\u00e9 h\u00e1bitos de los compradores ser\u00e1n en el futuro.<\/p>\n<p>Afortunadamente, la tecnolog\u00eda como el aprendizaje autom\u00e1tico de m\u00e1quinas y el an\u00e1lisis avanzado est\u00e1n disponibles para mejorar en gran medida la capacidad de los minoristas para predecir la demanda futura de productos. Estas herramientas les brindan a los gerentes informaci\u00f3n sin precedentes sobre la demanda, para que puedan tomar decisiones informadas que podr\u00edan ahorrarle a sus compa\u00f1\u00edas enormes cantidades de dinero.<\/p>\n<p>Este documento analiza algunos de los desaf\u00edos a los que se enfrentan los minoristas hoy en d\u00eda y c\u00f3mo las soluciones de aprendizaje autom\u00e1tico pueden ayudarlos a superar estos obst\u00e1culos y mejorar los resultados empresariales.<\/div><\/div> <div class=\"su-column su-column-size-1-2\"><div class=\"su-column-inner su-u-clearfix su-u-trim\">\t\t\t\t<div class=\"email_download_link\">\r\n\t\t\t\t\t\t<form action=\"#\" method=\"post\" class=\"ed_form\" id=\"ed_form_1778708210\">\r\n\t\t\t\t<p><span class=\"name\">Name *<\/span><br><input type=\"text\" name=\"name\" id=\"name\" placeholder=\"Name\" value=\"\" maxlength=\"50\" required\/><\/p>\t\t\t\t<p><span class=\"email\">Email *<\/span><br><input class=\"\" type=\"email\" id=\"email\" name=\"email\" value=\"\" placeholder=\"Email *\"  maxlength=\"225\" required\/><\/p>\t\t\t\t\t\t\t\t\t\t\t\t\t\t\t\t\t\t\t\t<br \/>\r\n\t\t\t\t<input name=\"submit\" class=\"submit\" id=\"ed_form_submit_1778708210\" value=\"Send Download Link\" type=\"submit\" \/>\r\n\t\t\t\t<span class=\"ed_form_spinner\" id=\"loading-image\" style=\"display:none;\">\r\n\t\t\t\t\t<img decoding=\"async\" src=\"https:\/\/www.elizesolutions.com\/wp-content\/plugins\/email-download-link\/images\/ajax-loader.gif\" \/>\r\n\t\t\t\t<\/span>\r\n\t\t\t\t<input name=\"guid\" id=\"guid\" value=\"iudjkq-dbvecu-rxbkhp-asvnqe-wsobqy\" type=\"hidden\"\/>\r\n\t\t\t\t<input type=\"text\" style=\"display:none;\" id=\"email_name\" name=\"email_name\" value=\"\" type=\"hidden\"\/>\r\n\t\t\t\t<input name=\"form_nonce\" id=\"form_nonce\" value=\"1aae859eb0\" type=\"hidden\"\/>\r\n\t\t\t\t<input name=\"name_mand\" id=\"name_mand\" value=\"YES\" type=\"hidden\"\/>\r\n\t\t\t\t<input name=\"gdpr_mand\" id=\"gdpr_mand\" value=\"NO\" type=\"hidden\"\/>\r\n\t\t\t\t<input name=\"phone_mand\" id=\"phone_mand\" value=\"\" type=\"hidden\"\/>\r\n\t\t\t<\/form>\t\r\n\t\t\t<span class=\"ed_form_message\" id=\"ed_form_message_1778708210\"><\/span>\r\n\t\t<\/div>\r\n\t<\/div><\/div><\/div>\n","protected":false},"excerpt":{"rendered":"El aprendizaje autom\u00e1tico automatizado ayuda a los minoristas a mejorar la demanda de pron\u00f3sticos","protected":false},"author":2,"featured_media":0,"parent":2671,"menu_order":0,"comment_status":"closed","ping_status":"closed","template":"","meta":{"_exactmetrics_skip_tracking":false,"_exactmetrics_sitenote_active":false,"_exactmetrics_sitenote_note":"","_exactmetrics_sitenote_category":0,"footnotes":""},"class_list":["post-2687","page","type-page","status-publish","hentry"],"translation":{"provider":"WPGlobus","version":"3.0.2","language":"es","enabled_languages":["en","es","ru"],"languages":{"en":{"title":true,"content":true,"excerpt":false},"es":{"title":true,"content":true,"excerpt":false},"ru":{"title":true,"content":true,"excerpt":false}}},"yoast_head":"<!-- This site is optimized with the Yoast SEO plugin v27.6 - https:\/\/yoast.com\/product\/yoast-seo-wordpress\/ -->\n<title>Automatizaci\u00f3n de Aprendizaje de M\u00e1quina al por menor - Elize Invest Solutions<\/title>\n<meta name=\"robots\" content=\"index, follow, max-snippet:-1, max-image-preview:large, max-video-preview:-1\" \/>\n<link rel=\"canonical\" href=\"https:\/\/www.elizesolutions.com\/solutions\/professionals\/retail\/retail-ml-automation\/\" \/>\n<meta property=\"og:locale\" content=\"es_ES\" \/>\n<meta property=\"og:type\" content=\"article\" \/>\n<meta property=\"og:title\" content=\"Automatizaci\u00f3n de Aprendizaje de M\u00e1quina al por menor - Elize Invest Solutions\" \/>\n<meta property=\"og:url\" content=\"https:\/\/www.elizesolutions.com\/solutions\/professionals\/retail\/retail-ml-automation\/\" \/>\n<meta property=\"og:site_name\" content=\"Elize Invest Solutions\" \/>\n<meta property=\"article:publisher\" content=\"https:\/\/www.facebook.com\/elizesolutions\/\" \/>\n<meta property=\"article:modified_time\" content=\"2019-03-27T08:33:12+00:00\" \/>\n<meta name=\"twitter:card\" content=\"summary_large_image\" \/>\n<meta name=\"twitter:label1\" content=\"Tiempo de lectura\" \/>\n\t<meta name=\"twitter:data1\" content=\"2 minutos\" \/>\n<script type=\"application\/ld+json\" class=\"yoast-schema-graph\">{\"@context\":\"https:\\\/\\\/schema.org\",\"@graph\":[{\"@type\":\"WebPage\",\"@id\":\"https:\\\/\\\/www.elizesolutions.com\\\/solutions\\\/professionals\\\/retail\\\/retail-ml-automation\\\/\",\"url\":\"https:\\\/\\\/www.elizesolutions.com\\\/solutions\\\/professionals\\\/retail\\\/retail-ml-automation\\\/\",\"name\":\"Automatizaci\u00f3n de Aprendizaje de M\u00e1quina al por menor - Elize Invest Solutions\",\"isPartOf\":{\"@id\":\"https:\\\/\\\/www.elizesolutions.com\\\/#website\"},\"datePublished\":\"2019-03-27T08:29:01+00:00\",\"dateModified\":\"2019-03-27T08:33:12+00:00\",\"breadcrumb\":{\"@id\":\"https:\\\/\\\/www.elizesolutions.com\\\/solutions\\\/professionals\\\/retail\\\/retail-ml-automation\\\/#breadcrumb\"},\"inLanguage\":\"es\",\"potentialAction\":[{\"@type\":\"ReadAction\",\"target\":[\"https:\\\/\\\/www.elizesolutions.com\\\/solutions\\\/professionals\\\/retail\\\/retail-ml-automation\\\/\"]}]},{\"@type\":\"BreadcrumbList\",\"@id\":\"https:\\\/\\\/www.elizesolutions.com\\\/solutions\\\/professionals\\\/retail\\\/retail-ml-automation\\\/#breadcrumb\",\"itemListElement\":[{\"@type\":\"ListItem\",\"position\":1,\"name\":\"Home\",\"item\":\"https:\\\/\\\/www.elizesolutions.com\\\/\"},{\"@type\":\"ListItem\",\"position\":2,\"name\":\"Solutions\",\"item\":\"https:\\\/\\\/www.elizesolutions.com\\\/solutions\\\/\"},{\"@type\":\"ListItem\",\"position\":3,\"name\":\"Professionals\",\"item\":\"https:\\\/\\\/www.elizesolutions.com\\\/solutions\\\/professionals\\\/\"},{\"@type\":\"ListItem\",\"position\":4,\"name\":\"Retail\",\"item\":\"https:\\\/\\\/www.elizesolutions.com\\\/solutions\\\/professionals\\\/retail\\\/\"},{\"@type\":\"ListItem\",\"position\":5,\"name\":\"Retail Machine Learning Automation\"}]},{\"@type\":\"WebSite\",\"@id\":\"https:\\\/\\\/www.elizesolutions.com\\\/#website\",\"url\":\"https:\\\/\\\/www.elizesolutions.com\\\/\",\"name\":\"Elize Invest Solutions\",\"description\":\"\",\"publisher\":{\"@id\":\"https:\\\/\\\/www.elizesolutions.com\\\/#organization\"},\"potentialAction\":[{\"@type\":\"SearchAction\",\"target\":{\"@type\":\"EntryPoint\",\"urlTemplate\":\"https:\\\/\\\/www.elizesolutions.com\\\/?s={search_term_string}\"},\"query-input\":{\"@type\":\"PropertyValueSpecification\",\"valueRequired\":true,\"valueName\":\"search_term_string\"}}],\"inLanguage\":\"es\"},{\"@type\":\"Organization\",\"@id\":\"https:\\\/\\\/www.elizesolutions.com\\\/#organization\",\"name\":\"Elize Invest Solutions LLC\",\"url\":\"https:\\\/\\\/www.elizesolutions.com\\\/\",\"logo\":{\"@type\":\"ImageObject\",\"inLanguage\":\"es\",\"@id\":\"https:\\\/\\\/www.elizesolutions.com\\\/#\\\/schema\\\/logo\\\/image\\\/\",\"url\":\"https:\\\/\\\/www.elizesolutions.com\\\/wp-content\\\/uploads\\\/2019\\\/03\\\/ELIZE_logo_solo.png\",\"contentUrl\":\"https:\\\/\\\/www.elizesolutions.com\\\/wp-content\\\/uploads\\\/2019\\\/03\\\/ELIZE_logo_solo.png\",\"width\":980,\"height\":1439,\"caption\":\"Elize Invest Solutions LLC\"},\"image\":{\"@id\":\"https:\\\/\\\/www.elizesolutions.com\\\/#\\\/schema\\\/logo\\\/image\\\/\"},\"sameAs\":[\"https:\\\/\\\/www.facebook.com\\\/elizesolutions\\\/\",\"https:\\\/\\\/www.youtube.com\\\/channel\\\/UCl00USLHItbINYSo-XsYdtg\"]}]}<\/script>\n<!-- \/ Yoast SEO plugin. -->","yoast_head_json":{"title":"Automatizaci\u00f3n de Aprendizaje de M\u00e1quina al por menor - Elize Invest Solutions","robots":{"index":"index","follow":"follow","max-snippet":"max-snippet:-1","max-image-preview":"max-image-preview:large","max-video-preview":"max-video-preview:-1"},"canonical":"https:\/\/www.elizesolutions.com\/solutions\/professionals\/retail\/retail-ml-automation\/","og_locale":"es_ES","og_type":"article","og_title":"Automatizaci\u00f3n de Aprendizaje de M\u00e1quina al por menor - Elize Invest Solutions","og_url":"https:\/\/www.elizesolutions.com\/solutions\/professionals\/retail\/retail-ml-automation\/","og_site_name":"Elize Invest Solutions","article_publisher":"https:\/\/www.facebook.com\/elizesolutions\/","article_modified_time":"2019-03-27T08:33:12+00:00","twitter_card":"summary_large_image","twitter_misc":{"Tiempo de lectura":"2 minutos"},"schema":{"@context":"https:\/\/schema.org","@graph":[{"@type":"WebPage","@id":"https:\/\/www.elizesolutions.com\/solutions\/professionals\/retail\/retail-ml-automation\/","url":"https:\/\/www.elizesolutions.com\/solutions\/professionals\/retail\/retail-ml-automation\/","name":"Automatizaci\u00f3n de Aprendizaje de M\u00e1quina al por menor - Elize Invest Solutions","isPartOf":{"@id":"https:\/\/www.elizesolutions.com\/#website"},"datePublished":"2019-03-27T08:29:01+00:00","dateModified":"2019-03-27T08:33:12+00:00","breadcrumb":{"@id":"https:\/\/www.elizesolutions.com\/solutions\/professionals\/retail\/retail-ml-automation\/#breadcrumb"},"inLanguage":"es","potentialAction":[{"@type":"ReadAction","target":["https:\/\/www.elizesolutions.com\/solutions\/professionals\/retail\/retail-ml-automation\/"]}]},{"@type":"BreadcrumbList","@id":"https:\/\/www.elizesolutions.com\/solutions\/professionals\/retail\/retail-ml-automation\/#breadcrumb","itemListElement":[{"@type":"ListItem","position":1,"name":"Home","item":"https:\/\/www.elizesolutions.com\/"},{"@type":"ListItem","position":2,"name":"Solutions","item":"https:\/\/www.elizesolutions.com\/solutions\/"},{"@type":"ListItem","position":3,"name":"Professionals","item":"https:\/\/www.elizesolutions.com\/solutions\/professionals\/"},{"@type":"ListItem","position":4,"name":"Retail","item":"https:\/\/www.elizesolutions.com\/solutions\/professionals\/retail\/"},{"@type":"ListItem","position":5,"name":"Retail Machine Learning Automation"}]},{"@type":"WebSite","@id":"https:\/\/www.elizesolutions.com\/#website","url":"https:\/\/www.elizesolutions.com\/","name":"Elize Invest Solutions","description":"","publisher":{"@id":"https:\/\/www.elizesolutions.com\/#organization"},"potentialAction":[{"@type":"SearchAction","target":{"@type":"EntryPoint","urlTemplate":"https:\/\/www.elizesolutions.com\/?s={search_term_string}"},"query-input":{"@type":"PropertyValueSpecification","valueRequired":true,"valueName":"search_term_string"}}],"inLanguage":"es"},{"@type":"Organization","@id":"https:\/\/www.elizesolutions.com\/#organization","name":"Elize Invest Solutions LLC","url":"https:\/\/www.elizesolutions.com\/","logo":{"@type":"ImageObject","inLanguage":"es","@id":"https:\/\/www.elizesolutions.com\/#\/schema\/logo\/image\/","url":"https:\/\/www.elizesolutions.com\/wp-content\/uploads\/2019\/03\/ELIZE_logo_solo.png","contentUrl":"https:\/\/www.elizesolutions.com\/wp-content\/uploads\/2019\/03\/ELIZE_logo_solo.png","width":980,"height":1439,"caption":"Elize Invest Solutions LLC"},"image":{"@id":"https:\/\/www.elizesolutions.com\/#\/schema\/logo\/image\/"},"sameAs":["https:\/\/www.facebook.com\/elizesolutions\/","https:\/\/www.youtube.com\/channel\/UCl00USLHItbINYSo-XsYdtg"]}]}},"post_mailing_queue_ids":[],"_links":{"self":[{"href":"https:\/\/www.elizesolutions.com\/es\/wp-json\/wp\/v2\/pages\/2687","targetHints":{"allow":["GET"]}}],"collection":[{"href":"https:\/\/www.elizesolutions.com\/es\/wp-json\/wp\/v2\/pages"}],"about":[{"href":"https:\/\/www.elizesolutions.com\/es\/wp-json\/wp\/v2\/types\/page"}],"author":[{"embeddable":true,"href":"https:\/\/www.elizesolutions.com\/es\/wp-json\/wp\/v2\/users\/2"}],"replies":[{"embeddable":true,"href":"https:\/\/www.elizesolutions.com\/es\/wp-json\/wp\/v2\/comments?post=2687"}],"version-history":[{"count":6,"href":"https:\/\/www.elizesolutions.com\/es\/wp-json\/wp\/v2\/pages\/2687\/revisions"}],"predecessor-version":[{"id":2693,"href":"https:\/\/www.elizesolutions.com\/es\/wp-json\/wp\/v2\/pages\/2687\/revisions\/2693"}],"up":[{"embeddable":true,"href":"https:\/\/www.elizesolutions.com\/es\/wp-json\/wp\/v2\/pages\/2671"}],"wp:attachment":[{"href":"https:\/\/www.elizesolutions.com\/es\/wp-json\/wp\/v2\/media?parent=2687"}],"curies":[{"name":"wp","href":"https:\/\/api.w.org\/{rel}","templated":true}]}}