{"id":941,"date":"2016-06-29T08:38:26","date_gmt":"2016-06-29T12:38:26","guid":{"rendered":"http:\/\/www.elizesolutions.com\/?page_id=941"},"modified":"2017-03-18T10:30:01","modified_gmt":"2017-03-18T14:30:01","slug":"faq","status":"publish","type":"page","link":"https:\/\/www.elizesolutions.com\/es\/about-us\/faq\/","title":{"rendered":"Preguntas m\u00e1s frecuentes"},"content":{"rendered":"<h2>Preguntas m\u00e1s frecuentes<\/h2>\n<hr \/>\n<h3>\u00bfQu\u00e9 es ELIZE Invest Solutions?<\/h3>\n<p>ELIZE Invest Solutions es una empresa anal\u00edtica que tambi\u00e9n participa en el comercio y la inversi\u00f3n en una variedad de activos financieros, incluyendo FOREX, commodities, acciones y derivados de \u00edndices. ELIZE Invest Solutions tambi\u00e9n participa en varias otras actividades, tales como, pero no limitado a, an\u00e1lisis corporativo, an\u00e1lisis de cr\u00e9dito, planificaci\u00f3n financiera y administraci\u00f3n.<\/p>\n<hr \/>\n<h3>\u00bfConseguir\u00e1s mi cuenta comercial?<\/h3>\n<p>ELIZE Invest Solutions no es un asesor financiero o de inversiones certificado, no es un corredor y no est\u00e1 regulado por ninguna autoridad reguladora financiera. Por lo tanto, ELIZE Invest Solutions no est\u00e1 involucrado en la gesti\u00f3n de cuentas. ELIZE Invest Solutions nunca solicitar\u00e1 las credenciales de su cuenta y \/ o su informaci\u00f3n personal.<\/p>\n<hr \/>\n<h3>\u00bfCu\u00e1l es su metodolog\u00eda de negociaci\u00f3n?<\/h3>\n<p>ELIZE Invest Solutions utiliza una combinaci\u00f3n de redes t\u00e9cnicas, matem\u00e1ticas, redes neuronales e inter-mercados para analizar los mercados. Bas\u00e1ndose en esos an\u00e1lisis, las decisiones comerciales se toman de acuerdo con una t\u00e9cnica de administraci\u00f3n de dinero complicada, bien definida y estricta.<\/p>\n<hr \/>\n<h3>\u00bfC\u00f3mo se organiza su investigaci\u00f3n?<\/h3>\n<p>Cada d\u00eda se preparan informes diarios detallados para varios instrumentos financieros. Durante la semana, y de acuerdo con los desarrollos respectivos en los mercados, las actualizaciones intra-semana se publican. Los informes, junto con las actualizaciones, est\u00e1n disponibles en la secci\u00f3n de Blog, que tambi\u00e9n incluye comentarios sobre importantes acontecimientos macroecon\u00f3micos, que afectan a las valoraciones de los respectivos instrumentos financieros.<\/p>\n<hr \/>\n<h3>\u00bfPuede usted ense\u00f1arme c\u00f3mo negociar los mercados financieros?<\/h3>\n<p>ELIZE Invest Solutions ofrece servicios de coaching financiero a la carta. Ofrece educaci\u00f3n basada en la pr\u00e1ctica a trav\u00e9s de los materiales publicados en la secci\u00f3n Previsiones de este sitio web y en los materiales publicados en la secci\u00f3n Educaci\u00f3n de este sitio web. Los comerciantes que buscan comparar sus an\u00e1lisis con otros, con el fin de ganar m\u00e1s confianza, o considerar opiniones alternativas, pueden utilizar esos materiales educativos para su propio beneficio.<\/p>\n<hr \/>\n<h3>Politica de reembolso<\/h3>\n<p>Debido a que los miembros premium se benefician inmediatamente del conocimiento de las estad\u00edsticas, el an\u00e1lisis y el contenido del bolet\u00edn premium que compran, no damos reembolsos. Usted debe reconocer que la inversi\u00f3n y el comercio es un marat\u00f3n, no un sprint as\u00ed que cada \u00faltima pieza de informaci\u00f3n que puede ayudarle a aprender a lo largo del camino y darle \u00abuna ventaja\u00bb sobre sus competidores vale la pena invertir en, especialmente cuando esa informaci\u00f3n cuesta menos por Mes de una noche fuera de la cena y bebidas aka invertir en su educaci\u00f3n!<\/p>\n<hr \/>\n","protected":false},"excerpt":{"rendered":"Preguntas m\u00e1s frecuentes \u00bfQu\u00e9 es ELIZE Invest Solutions? ELIZE Invest Solutions es una empresa anal\u00edtica que tambi\u00e9n participa en el comercio y la inversi\u00f3n en una variedad de activos financieros, incluyendo FOREX, commodities, acciones y derivados de \u00edndices. ELIZE Invest Solutions tambi\u00e9n participa en varias otras actividades, tales como, pero no limitado a, an\u00e1lisis corporativo,","protected":false},"author":2,"featured_media":0,"parent":41,"menu_order":0,"comment_status":"closed","ping_status":"closed","template":"","meta":{"_exactmetrics_skip_tracking":false,"_exactmetrics_sitenote_active":false,"_exactmetrics_sitenote_note":"","_exactmetrics_sitenote_category":0,"footnotes":""},"class_list":["post-941","page","type-page","status-publish","hentry"],"translation":{"provider":"WPGlobus","version":"3.0.2","language":"es","enabled_languages":["en","es","ru"],"languages":{"en":{"title":true,"content":true,"excerpt":false},"es":{"title":true,"content":true,"excerpt":false},"ru":{"title":true,"content":true,"excerpt":false}}},"yoast_head":"<!-- This site is optimized with the Yoast SEO plugin v27.5 - https:\/\/yoast.com\/product\/yoast-seo-wordpress\/ -->\n<title>Preguntas m\u00e1s frecuentes - Elize Invest Solutions<\/title>\n<meta name=\"robots\" content=\"index, follow, max-snippet:-1, max-image-preview:large, max-video-preview:-1\" \/>\n<link rel=\"canonical\" href=\"https:\/\/www.elizesolutions.com\/ru\/about-us\/faq\/\" \/>\n<meta property=\"og:locale\" content=\"es_ES\" \/>\n<meta property=\"og:type\" content=\"article\" \/>\n<meta property=\"og:title\" content=\"Preguntas m\u00e1s frecuentes - Elize Invest Solutions\" \/>\n<meta property=\"og:url\" content=\"https:\/\/www.elizesolutions.com\/ru\/about-us\/faq\/\" \/>\n<meta property=\"og:site_name\" content=\"Elize Invest Solutions\" \/>\n<meta property=\"article:publisher\" content=\"https:\/\/www.facebook.com\/elizesolutions\/\" \/>\n<meta property=\"article:modified_time\" content=\"2017-03-18T14:30:01+00:00\" \/>\n<meta name=\"twitter:card\" content=\"summary_large_image\" \/>\n<meta name=\"twitter:label1\" content=\"Tiempo de lectura\" \/>\n\t<meta name=\"twitter:data1\" content=\"4 minutos\" \/>\n<script type=\"application\/ld+json\" class=\"yoast-schema-graph\">{\"@context\":\"https:\\\/\\\/schema.org\",\"@graph\":[{\"@type\":\"WebPage\",\"@id\":\"https:\\\/\\\/www.elizesolutions.com\\\/ru\\\/about-us\\\/faq\\\/\",\"url\":\"https:\\\/\\\/www.elizesolutions.com\\\/ru\\\/about-us\\\/faq\\\/\",\"name\":\"Preguntas m\u00e1s frecuentes - Elize Invest Solutions\",\"isPartOf\":{\"@id\":\"https:\\\/\\\/www.elizesolutions.com\\\/#website\"},\"datePublished\":\"2016-06-29T12:38:26+00:00\",\"dateModified\":\"2017-03-18T14:30:01+00:00\",\"breadcrumb\":{\"@id\":\"https:\\\/\\\/www.elizesolutions.com\\\/ru\\\/about-us\\\/faq\\\/#breadcrumb\"},\"inLanguage\":\"es\",\"potentialAction\":[{\"@type\":\"ReadAction\",\"target\":[\"https:\\\/\\\/www.elizesolutions.com\\\/ru\\\/about-us\\\/faq\\\/\"]}]},{\"@type\":\"BreadcrumbList\",\"@id\":\"https:\\\/\\\/www.elizesolutions.com\\\/ru\\\/about-us\\\/faq\\\/#breadcrumb\",\"itemListElement\":[{\"@type\":\"ListItem\",\"position\":1,\"name\":\"Home\",\"item\":\"https:\\\/\\\/www.elizesolutions.com\\\/\"},{\"@type\":\"ListItem\",\"position\":2,\"name\":\"About us\",\"item\":\"https:\\\/\\\/www.elizesolutions.com\\\/about-us\\\/\"},{\"@type\":\"ListItem\",\"position\":3,\"name\":\"\u0412\u043e\u043f\u0440\u043e\u0441\u044b-\u041e\u0442\u0432\u0435\u0442\u044b\"}]},{\"@type\":\"WebSite\",\"@id\":\"https:\\\/\\\/www.elizesolutions.com\\\/#website\",\"url\":\"https:\\\/\\\/www.elizesolutions.com\\\/\",\"name\":\"Elize Invest Solutions\",\"description\":\"\",\"publisher\":{\"@id\":\"https:\\\/\\\/www.elizesolutions.com\\\/#organization\"},\"potentialAction\":[{\"@type\":\"SearchAction\",\"target\":{\"@type\":\"EntryPoint\",\"urlTemplate\":\"https:\\\/\\\/www.elizesolutions.com\\\/?s={search_term_string}\"},\"query-input\":{\"@type\":\"PropertyValueSpecification\",\"valueRequired\":true,\"valueName\":\"search_term_string\"}}],\"inLanguage\":\"es\"},{\"@type\":\"Organization\",\"@id\":\"https:\\\/\\\/www.elizesolutions.com\\\/#organization\",\"name\":\"Elize Invest Solutions LLC\",\"url\":\"https:\\\/\\\/www.elizesolutions.com\\\/\",\"logo\":{\"@type\":\"ImageObject\",\"inLanguage\":\"es\",\"@id\":\"https:\\\/\\\/www.elizesolutions.com\\\/#\\\/schema\\\/logo\\\/image\\\/\",\"url\":\"https:\\\/\\\/www.elizesolutions.com\\\/wp-content\\\/uploads\\\/2019\\\/03\\\/ELIZE_logo_solo.png\",\"contentUrl\":\"https:\\\/\\\/www.elizesolutions.com\\\/wp-content\\\/uploads\\\/2019\\\/03\\\/ELIZE_logo_solo.png\",\"width\":980,\"height\":1439,\"caption\":\"Elize Invest Solutions LLC\"},\"image\":{\"@id\":\"https:\\\/\\\/www.elizesolutions.com\\\/#\\\/schema\\\/logo\\\/image\\\/\"},\"sameAs\":[\"https:\\\/\\\/www.facebook.com\\\/elizesolutions\\\/\",\"https:\\\/\\\/www.youtube.com\\\/channel\\\/UCl00USLHItbINYSo-XsYdtg\"]}]}<\/script>\n<!-- \/ Yoast SEO plugin. -->","yoast_head_json":{"title":"Preguntas m\u00e1s frecuentes - Elize Invest Solutions","robots":{"index":"index","follow":"follow","max-snippet":"max-snippet:-1","max-image-preview":"max-image-preview:large","max-video-preview":"max-video-preview:-1"},"canonical":"https:\/\/www.elizesolutions.com\/ru\/about-us\/faq\/","og_locale":"es_ES","og_type":"article","og_title":"Preguntas m\u00e1s frecuentes - Elize Invest Solutions","og_url":"https:\/\/www.elizesolutions.com\/ru\/about-us\/faq\/","og_site_name":"Elize Invest Solutions","article_publisher":"https:\/\/www.facebook.com\/elizesolutions\/","article_modified_time":"2017-03-18T14:30:01+00:00","twitter_card":"summary_large_image","twitter_misc":{"Tiempo de lectura":"4 minutos"},"schema":{"@context":"https:\/\/schema.org","@graph":[{"@type":"WebPage","@id":"https:\/\/www.elizesolutions.com\/ru\/about-us\/faq\/","url":"https:\/\/www.elizesolutions.com\/ru\/about-us\/faq\/","name":"Preguntas m\u00e1s frecuentes - Elize Invest Solutions","isPartOf":{"@id":"https:\/\/www.elizesolutions.com\/#website"},"datePublished":"2016-06-29T12:38:26+00:00","dateModified":"2017-03-18T14:30:01+00:00","breadcrumb":{"@id":"https:\/\/www.elizesolutions.com\/ru\/about-us\/faq\/#breadcrumb"},"inLanguage":"es","potentialAction":[{"@type":"ReadAction","target":["https:\/\/www.elizesolutions.com\/ru\/about-us\/faq\/"]}]},{"@type":"BreadcrumbList","@id":"https:\/\/www.elizesolutions.com\/ru\/about-us\/faq\/#breadcrumb","itemListElement":[{"@type":"ListItem","position":1,"name":"Home","item":"https:\/\/www.elizesolutions.com\/"},{"@type":"ListItem","position":2,"name":"About us","item":"https:\/\/www.elizesolutions.com\/about-us\/"},{"@type":"ListItem","position":3,"name":"\u0412\u043e\u043f\u0440\u043e\u0441\u044b-\u041e\u0442\u0432\u0435\u0442\u044b"}]},{"@type":"WebSite","@id":"https:\/\/www.elizesolutions.com\/#website","url":"https:\/\/www.elizesolutions.com\/","name":"Elize Invest Solutions","description":"","publisher":{"@id":"https:\/\/www.elizesolutions.com\/#organization"},"potentialAction":[{"@type":"SearchAction","target":{"@type":"EntryPoint","urlTemplate":"https:\/\/www.elizesolutions.com\/?s={search_term_string}"},"query-input":{"@type":"PropertyValueSpecification","valueRequired":true,"valueName":"search_term_string"}}],"inLanguage":"es"},{"@type":"Organization","@id":"https:\/\/www.elizesolutions.com\/#organization","name":"Elize Invest Solutions LLC","url":"https:\/\/www.elizesolutions.com\/","logo":{"@type":"ImageObject","inLanguage":"es","@id":"https:\/\/www.elizesolutions.com\/#\/schema\/logo\/image\/","url":"https:\/\/www.elizesolutions.com\/wp-content\/uploads\/2019\/03\/ELIZE_logo_solo.png","contentUrl":"https:\/\/www.elizesolutions.com\/wp-content\/uploads\/2019\/03\/ELIZE_logo_solo.png","width":980,"height":1439,"caption":"Elize Invest Solutions LLC"},"image":{"@id":"https:\/\/www.elizesolutions.com\/#\/schema\/logo\/image\/"},"sameAs":["https:\/\/www.facebook.com\/elizesolutions\/","https:\/\/www.youtube.com\/channel\/UCl00USLHItbINYSo-XsYdtg"]}]}},"post_mailing_queue_ids":[],"_links":{"self":[{"href":"https:\/\/www.elizesolutions.com\/es\/wp-json\/wp\/v2\/pages\/941","targetHints":{"allow":["GET"]}}],"collection":[{"href":"https:\/\/www.elizesolutions.com\/es\/wp-json\/wp\/v2\/pages"}],"about":[{"href":"https:\/\/www.elizesolutions.com\/es\/wp-json\/wp\/v2\/types\/page"}],"author":[{"embeddable":true,"href":"https:\/\/www.elizesolutions.com\/es\/wp-json\/wp\/v2\/users\/2"}],"replies":[{"embeddable":true,"href":"https:\/\/www.elizesolutions.com\/es\/wp-json\/wp\/v2\/comments?post=941"}],"version-history":[{"count":11,"href":"https:\/\/www.elizesolutions.com\/es\/wp-json\/wp\/v2\/pages\/941\/revisions"}],"predecessor-version":[{"id":1504,"href":"https:\/\/www.elizesolutions.com\/es\/wp-json\/wp\/v2\/pages\/941\/revisions\/1504"}],"up":[{"embeddable":true,"href":"https:\/\/www.elizesolutions.com\/es\/wp-json\/wp\/v2\/pages\/41"}],"wp:attachment":[{"href":"https:\/\/www.elizesolutions.com\/es\/wp-json\/wp\/v2\/media?parent=941"}],"curies":[{"name":"wp","href":"https:\/\/api.w.org\/{rel}","templated":true}]}}